{"id":4407,"date":"2024-11-01T15:42:50","date_gmt":"2024-11-01T19:42:50","guid":{"rendered":"https:\/\/nventive.com\/?page_id=4407"},"modified":"2025-01-30T10:01:49","modified_gmt":"2025-01-30T15:01:49","slug":"cookies","status":"publish","type":"page","link":"https:\/\/nventive.com\/fr\/cookies\/","title":{"rendered":"Cookies"},"content":{"rendered":"\t\t<div data-elementor-type=\"wp-page\" data-elementor-id=\"4407\" class=\"elementor elementor-4407\" data-elementor-post-type=\"page\">\n\t\t\t\t<div class=\"elementor-element elementor-element-6c7fafc e-flex e-con-boxed e-con e-parent\" data-id=\"6c7fafc\" data-element_type=\"container\">\n\t\t\t\t\t<div class=\"e-con-inner\">\n\t\t<div class=\"elementor-element elementor-element-307cffe e-con-full e-flex e-con e-child\" data-id=\"307cffe\" data-element_type=\"container\">\n\t\t\t\t<div class=\"elementor-element elementor-element-546bdc1 elementor-widget elementor-widget-heading\" data-id=\"546bdc1\" data-element_type=\"widget\" data-widget_type=\"heading.default\">\n\t\t\t\t<div class=\"elementor-widget-container\">\n\t\t\t\t\t<h2 class=\"elementor-heading-title elementor-size-default\">T\u00e9moins (\u00abcookies\u00bb)<\/h2>\t\t\t\t<\/div>\n\t\t\t\t<\/div>\n\t\t\t\t<\/div>\n\t\t<div class=\"elementor-element elementor-element-71cdca2 e-con-full e-flex e-con e-child\" data-id=\"71cdca2\" data-element_type=\"container\">\n\t\t\t\t<div class=\"elementor-element elementor-element-8304794 elementor-widget elementor-widget-text-editor\" data-id=\"8304794\" data-element_type=\"widget\" data-widget_type=\"text-editor.default\">\n\t\t\t\t<div class=\"elementor-widget-container\">\n\t\t\t\t\t\t\t\t\t<div class=\"pagestyled__StyledTextBlocContainer-sc-jct7r3-2 czEQqY\"><div class=\"pagestyled__StyledTextBlocRightColumn-sc-jct7r3-4 cMMQXb\"><div><p>Le site Web de la Soci\u00e9t\u00e9 utilise des t\u00e9moins (ou cookies), soit de petits fichiers de donn\u00e9es qui sont enregistr\u00e9s sur l\u2019ordinateur d\u2019un Utilisateur lorsqu\u2019il le visite. Ces t\u00e9moins servent notamment \u00e0 offrir aux Utilisateurs une bonne exp\u00e9rience de navigation sur notre site Web. Les renseignements personnels collect\u00e9s par les t\u00e9moins permettent \u00e0 la Soci\u00e9t\u00e9 et ses fournisseurs de services d\u2019adapter le site Web aux pr\u00e9f\u00e9rences des Utilisateurs et de compiler des statistiques au sujet de la consultation et de l\u2019utilisation du site Web afin de l\u2019am\u00e9liorer.<\/p><p>La Soci\u00e9t\u00e9 peut utiliser des t\u00e9moins pour enregistrer des informations anonymes et non personnelles \u00e0 propos des visites sur notre site Web et pour recueillir des informations sur les activit\u00e9s de navigation des Utilisateurs. Les renseignements qui peuvent \u00eatre compil\u00e9s par l\u2019entremise de t\u00e9moins peuvent inclure : l\u2019adresse de protocole Internet (ou adresse IP) de votre ordinateur, le syst\u00e8me d\u2019exploitation que vous utilisez, l\u2019identit\u00e9 de votre fournisseur de services Internet, la date et l\u2019heure auxquels vous avez acc\u00e9d\u00e9 au pr\u00e9sent site Web, le site Web pr\u00e9c\u00e9dent que vous avez visit\u00e9 et qui vous a fourni un lien \u00e0 notre site Web, ainsi que le contenu visionn\u00e9 et t\u00e9l\u00e9charg\u00e9 sur notre site.<\/p><p>La Soci\u00e9t\u00e9 peut utiliser les t\u00e9moins suivants :<\/p><ul><li><p><strong>T\u00e9moins n\u00e9cessaires<\/strong>\u00a0: Ces t\u00e9moins sont n\u00e9cessaires pour permettre la fonctionnalit\u00e9 de base du site. Le site web ne peut pas fonctionner correctement sans ces t\u00e9moins.<\/p><\/li><li><p><strong>T\u00e9moins fonctionnels<\/strong>\u00a0: Ils servent \u00e0 optimiser l\u2019exp\u00e9rience d\u2019un Utilisateur en lien avec le site Web de la Soci\u00e9t\u00e9.<\/p><\/li><li><p><strong>T\u00e9moins statistiques<\/strong>\u00a0: Ces t\u00e9moins aident la Soci\u00e9t\u00e9 \u00e0 comprendre comment un Utilisateur interagit avec le site Web de la Soci\u00e9t\u00e9 en collectant et en rapportant des informations de mani\u00e8re anonyme.<\/p><\/li><li><p><strong>T\u00e9moins de performance<\/strong>\u00a0: La Soci\u00e9t\u00e9 utilise Google Analytics, Google Marketing et Google Ad Manager pour collecter et traiter certaines donn\u00e9es d\u2019analyse et analyser l\u2019utilisation de nos sites Web. Google Analytics est soumis aux\u00a0<a href=\"https:\/\/policies.google.com\/privacy\">r\u00e8gles de confidentialit\u00e9<\/a>\u00a0et aux\u00a0<a href=\"https:\/\/policies.google.com\/terms\">conditions d\u2019utilisation<\/a>\u00a0de Google. Pour plus d\u2019information sur Google Marketing et Google Ad Manager, nous vous invitons \u00e0 consulter le\u00a0<a href=\"https:\/\/support.google.com\/admanager\/answer\/2839090?hl=fr\">r\u00e8glement de ses programmes<\/a>.<\/p><\/li><li><p><strong>T\u00e9moins publicitaires<\/strong>\u00a0: Ils peuvent \u00eatre utilis\u00e9s notamment \u00e0 des fins de recherche, de planification et de production de rapports pour \u00e9tablir un profil des int\u00e9r\u00eats des Utilisateurs.<\/p><\/li><li><p><strong>T\u00e9moins r\u00e9seaux sociaux<\/strong>\u00a0: Ces t\u00e9moins peuvent \u00eatre activ\u00e9s lorsqu\u2019un Utilisateur partage des contenus depuis le site Web de la Soci\u00e9t\u00e9. Un Utilisateur est alors assujetti aux politiques d\u2019utilisation des donn\u00e9es des plateformes de r\u00e9seaux sociaux (ex. : Facebook, LinkedIn), qui peuvent placer des t\u00e9moins (y compris des t\u00e9moins de ciblage).<\/p><\/li><\/ul><p>Comme avec la plupart des navigateurs Internet, il est possible d\u2019effacer les t\u00e9moins du lecteur de disque dur de votre ordinateur, de bloquer la cr\u00e9ation de t\u00e9moins ou de recevoir un avertissement avant qu\u2019un t\u00e9moin ne soit enregistr\u00e9. Ce faisant, votre usage des Services de la Soci\u00e9t\u00e9 peut toutefois \u00eatre affect\u00e9 et il se peut que vous n\u2019ayez alors plus acc\u00e8s \u00e0 toutes ses fonctions. Nous vous invitons \u00e0 consulter les sites Ads Setting et Network Advertising Initiative ainsi que les instructions ou la section d\u2019aide de votre navigateur pour plus d\u2019informations sur les fichiers t\u00e9moins.<\/p><\/div><\/div><\/div>\t\t\t\t\t\t\t\t<\/div>\n\t\t\t\t<\/div>\n\t\t\t\t<div class=\"elementor-element elementor-element-c3740a8 cky-banner-element elementor-widget elementor-widget-nv-button\" data-id=\"c3740a8\" data-element_type=\"widget\" data-widget_type=\"nv-button.default\">\n\t\t\t\t<div class=\"elementor-widget-container\">\n\t\t\t\t\t\n                <button\n            class=\"nv-button cky-banner-element nv-button--style--desktop--outline-icon nv-button--style--laptop--outline-icon nv-button--style--tablet--outline-icon nv-button--style--mobile--outline-icon nv-button--theme--desktop--dark nv-button--theme--laptop--dark nv-button--theme--tablet--dark nv-button--theme--mobile--dark\" type=\"button\" aria-label=\"Modifiez vos pr\u00e9f\u00e9rences de cookies\"        >\n                            <span class=\"nv-button__text\">Modifiez vos pr\u00e9f\u00e9rences de cookies<\/span>\n                        <span class=\"nv-button__icon\">\n                <svg xmlns=\"http:\/\/www.w3.org\/2000\/svg\" width=\"25\" height=\"24\" viewBox=\"0 0 25 24\" fill=\"none\"><mask id=\"mask0_11783_98\" style=\"mask-type:alpha\" maskUnits=\"userSpaceOnUse\" x=\"0\" y=\"0\" width=\"25\" height=\"24\"><rect x=\"0.5\" width=\"24\" height=\"24\" fill=\"#D9D9D9\"><\/rect><\/mask><g mask=\"url(#mask0_11783_98)\"><path d=\"M14.5 18L13.1 16.55L16.65 13H4.5V11H16.65L13.1 7.45L14.5 6L20.5 12L14.5 18Z\" fill=\"#001E60\"><\/path><\/g><\/svg>            <\/span>\n        <\/button>\n            \t\t\t\t<\/div>\n\t\t\t\t<\/div>\n\t\t\t\t<\/div>\n\t\t\t\t\t<\/div>\n\t\t\t\t<\/div>\n\t\t\t\t<\/div>\n\t\t","protected":false},"excerpt":{"rendered":"<p>T\u00e9moins (\u00abcookies\u00bb) Le site Web de la Soci\u00e9t\u00e9 utilise des t\u00e9moins (ou cookies), soit de petits fichiers de donn\u00e9es qui sont enregistr\u00e9s sur l\u2019ordinateur d\u2019un Utilisateur lorsqu\u2019il le visite. Ces t\u00e9moins servent notamment \u00e0 offrir aux Utilisateurs une bonne exp\u00e9rience de navigation sur notre site Web. Les renseignements personnels collect\u00e9s par les t\u00e9moins permettent \u00e0 [&hellip;]<\/p>\n","protected":false},"author":3,"featured_media":0,"parent":0,"menu_order":0,"comment_status":"closed","ping_status":"closed","template":"","meta":{"_acf_changed":false,"content-type":"","footnotes":""},"class_list":["post-4407","page","type-page","status-publish","hentry"],"acf":[],"yoast_head":"<!-- This site is optimized with the Yoast SEO plugin v25.2 - https:\/\/yoast.com\/wordpress\/plugins\/seo\/ -->\n<title>Cookies | nventive<\/title>\n<meta name=\"robots\" content=\"index, follow, max-snippet:-1, max-image-preview:large, max-video-preview:-1\" \/>\n<link rel=\"canonical\" href=\"https:\/\/nventive.com\/fr\/cookies\/\" \/>\n<meta property=\"og:locale\" content=\"fr_FR\" \/>\n<meta property=\"og:type\" content=\"article\" \/>\n<meta property=\"og:title\" content=\"Cookies | nventive\" \/>\n<meta property=\"og:description\" content=\"T\u00e9moins (\u00abcookies\u00bb) Le site Web de la Soci\u00e9t\u00e9 utilise des t\u00e9moins (ou cookies), soit de petits fichiers de donn\u00e9es qui sont enregistr\u00e9s sur l\u2019ordinateur d\u2019un Utilisateur lorsqu\u2019il le visite. Ces t\u00e9moins servent notamment \u00e0 offrir aux Utilisateurs une bonne exp\u00e9rience de navigation sur notre site Web. Les renseignements personnels collect\u00e9s par les t\u00e9moins permettent \u00e0 [&hellip;]\" \/>\n<meta property=\"og:url\" content=\"https:\/\/nventive.com\/fr\/cookies\/\" \/>\n<meta property=\"og:site_name\" content=\"nventive\" \/>\n<meta property=\"article:modified_time\" content=\"2025-01-30T15:01:49+00:00\" \/>\n<meta name=\"twitter:card\" content=\"summary_large_image\" \/>\n<meta name=\"twitter:label1\" content=\"Est. reading time\" \/>\n\t<meta name=\"twitter:data1\" content=\"3 minutes\" \/>\n<script type=\"application\/ld+json\" class=\"yoast-schema-graph\">{\"@context\":\"https:\/\/schema.org\",\"@graph\":[{\"@type\":\"WebPage\",\"@id\":\"https:\/\/nventive.com\/fr\/cookies\/\",\"url\":\"https:\/\/nventive.com\/fr\/cookies\/\",\"name\":\"Cookies | nventive\",\"isPartOf\":{\"@id\":\"https:\/\/nventive.com\/fr\/#website\"},\"datePublished\":\"2024-11-01T19:42:50+00:00\",\"dateModified\":\"2025-01-30T15:01:49+00:00\",\"breadcrumb\":{\"@id\":\"https:\/\/nventive.com\/fr\/cookies\/#breadcrumb\"},\"inLanguage\":\"fr-FR\",\"potentialAction\":[{\"@type\":\"ReadAction\",\"target\":[\"https:\/\/nventive.com\/fr\/cookies\/\"]}]},{\"@type\":\"BreadcrumbList\",\"@id\":\"https:\/\/nventive.com\/fr\/cookies\/#breadcrumb\",\"itemListElement\":[{\"@type\":\"ListItem\",\"position\":1,\"name\":\"Accueil\",\"item\":\"https:\/\/nventive.com\/fr\/\"},{\"@type\":\"ListItem\",\"position\":2,\"name\":\"Cookies\"}]},{\"@type\":\"WebSite\",\"@id\":\"https:\/\/nventive.com\/fr\/#website\",\"url\":\"https:\/\/nventive.com\/fr\/\",\"name\":\"nventive\",\"description\":\"D\u00e9veloppement mobile et logiciel \u00e0 Montr\u00e9al\",\"publisher\":{\"@id\":\"https:\/\/nventive.com\/fr\/#organization\"},\"potentialAction\":[{\"@type\":\"SearchAction\",\"target\":{\"@type\":\"EntryPoint\",\"urlTemplate\":\"https:\/\/nventive.com\/fr\/?s={search_term_string}\"},\"query-input\":{\"@type\":\"PropertyValueSpecification\",\"valueRequired\":true,\"valueName\":\"search_term_string\"}}],\"inLanguage\":\"fr-FR\"},{\"@type\":\"Organization\",\"@id\":\"https:\/\/nventive.com\/fr\/#organization\",\"name\":\"nventive\",\"url\":\"https:\/\/nventive.com\/fr\/\",\"logo\":{\"@type\":\"ImageObject\",\"inLanguage\":\"fr-FR\",\"@id\":\"https:\/\/nventive.com\/fr\/#\/schema\/logo\/image\/\",\"url\":\"\",\"contentUrl\":\"\",\"caption\":\"nventive\"},\"image\":{\"@id\":\"https:\/\/nventive.com\/fr\/#\/schema\/logo\/image\/\"},\"sameAs\":[\"https:\/\/www.linkedin.com\/company\/nventive\/\",\"https:\/\/www.instagram.com\/hellonventive\/\",\"https:\/\/www.youtube.com\/channel\/UCFQyvGEKMO10hEyvCqprp5w\"]}]}<\/script>\n<!-- \/ Yoast SEO plugin. -->","yoast_head_json":{"title":"Cookies | nventive","robots":{"index":"index","follow":"follow","max-snippet":"max-snippet:-1","max-image-preview":"max-image-preview:large","max-video-preview":"max-video-preview:-1"},"canonical":"https:\/\/nventive.com\/fr\/cookies\/","og_locale":"fr_FR","og_type":"article","og_title":"Cookies | nventive","og_description":"T\u00e9moins (\u00abcookies\u00bb) Le site Web de la Soci\u00e9t\u00e9 utilise des t\u00e9moins (ou cookies), soit de petits fichiers de donn\u00e9es qui sont enregistr\u00e9s sur l\u2019ordinateur d\u2019un Utilisateur lorsqu\u2019il le visite. Ces t\u00e9moins servent notamment \u00e0 offrir aux Utilisateurs une bonne exp\u00e9rience de navigation sur notre site Web. Les renseignements personnels collect\u00e9s par les t\u00e9moins permettent \u00e0 [&hellip;]","og_url":"https:\/\/nventive.com\/fr\/cookies\/","og_site_name":"nventive","article_modified_time":"2025-01-30T15:01:49+00:00","twitter_card":"summary_large_image","twitter_misc":{"Est. reading time":"3 minutes"},"schema":{"@context":"https:\/\/schema.org","@graph":[{"@type":"WebPage","@id":"https:\/\/nventive.com\/fr\/cookies\/","url":"https:\/\/nventive.com\/fr\/cookies\/","name":"Cookies | nventive","isPartOf":{"@id":"https:\/\/nventive.com\/fr\/#website"},"datePublished":"2024-11-01T19:42:50+00:00","dateModified":"2025-01-30T15:01:49+00:00","breadcrumb":{"@id":"https:\/\/nventive.com\/fr\/cookies\/#breadcrumb"},"inLanguage":"fr-FR","potentialAction":[{"@type":"ReadAction","target":["https:\/\/nventive.com\/fr\/cookies\/"]}]},{"@type":"BreadcrumbList","@id":"https:\/\/nventive.com\/fr\/cookies\/#breadcrumb","itemListElement":[{"@type":"ListItem","position":1,"name":"Accueil","item":"https:\/\/nventive.com\/fr\/"},{"@type":"ListItem","position":2,"name":"Cookies"}]},{"@type":"WebSite","@id":"https:\/\/nventive.com\/fr\/#website","url":"https:\/\/nventive.com\/fr\/","name":"nventive","description":"D\u00e9veloppement mobile et logiciel \u00e0 Montr\u00e9al","publisher":{"@id":"https:\/\/nventive.com\/fr\/#organization"},"potentialAction":[{"@type":"SearchAction","target":{"@type":"EntryPoint","urlTemplate":"https:\/\/nventive.com\/fr\/?s={search_term_string}"},"query-input":{"@type":"PropertyValueSpecification","valueRequired":true,"valueName":"search_term_string"}}],"inLanguage":"fr-FR"},{"@type":"Organization","@id":"https:\/\/nventive.com\/fr\/#organization","name":"nventive","url":"https:\/\/nventive.com\/fr\/","logo":{"@type":"ImageObject","inLanguage":"fr-FR","@id":"https:\/\/nventive.com\/fr\/#\/schema\/logo\/image\/","url":"","contentUrl":"","caption":"nventive"},"image":{"@id":"https:\/\/nventive.com\/fr\/#\/schema\/logo\/image\/"},"sameAs":["https:\/\/www.linkedin.com\/company\/nventive\/","https:\/\/www.instagram.com\/hellonventive\/","https:\/\/www.youtube.com\/channel\/UCFQyvGEKMO10hEyvCqprp5w"]}]}},"jetpack_sharing_enabled":true,"_links":{"self":[{"href":"https:\/\/nventive.com\/fr\/wp-json\/wp\/v2\/pages\/4407","targetHints":{"allow":["GET"]}}],"collection":[{"href":"https:\/\/nventive.com\/fr\/wp-json\/wp\/v2\/pages"}],"about":[{"href":"https:\/\/nventive.com\/fr\/wp-json\/wp\/v2\/types\/page"}],"author":[{"embeddable":true,"href":"https:\/\/nventive.com\/fr\/wp-json\/wp\/v2\/users\/3"}],"replies":[{"embeddable":true,"href":"https:\/\/nventive.com\/fr\/wp-json\/wp\/v2\/comments?post=4407"}],"version-history":[{"count":0,"href":"https:\/\/nventive.com\/fr\/wp-json\/wp\/v2\/pages\/4407\/revisions"}],"wp:attachment":[{"href":"https:\/\/nventive.com\/fr\/wp-json\/wp\/v2\/media?parent=4407"}],"curies":[{"name":"wp","href":"https:\/\/api.w.org\/{rel}","templated":true}]}}