{"id":5630,"date":"2024-08-07T13:32:13","date_gmt":"2024-08-07T17:32:13","guid":{"rendered":"https:\/\/nventive.com\/about-us\/"},"modified":"2025-10-01T13:40:40","modified_gmt":"2025-10-01T17:40:40","slug":"about-us","status":"publish","type":"page","link":"https:\/\/nventive.com\/en\/about-us\/","title":{"rendered":"About Us"},"content":{"rendered":"\t\t<div data-elementor-type=\"wp-page\" data-elementor-id=\"5630\" class=\"elementor elementor-5630 elementor-154\" data-elementor-post-type=\"page\">\n\t\t\t\t<div class=\"elementor-element elementor-element-6ffee85a e-flex e-con-boxed e-con e-parent\" data-id=\"6ffee85a\" data-element_type=\"container\">\n\t\t\t\t\t<div class=\"e-con-inner\">\n\t\t<div class=\"elementor-element elementor-element-6dee98f9 e-con-full e-flex e-con e-child\" data-id=\"6dee98f9\" data-element_type=\"container\">\n\t\t\t\t<div class=\"elementor-element elementor-element-5cfe33b3 elementor-widget elementor-widget-image\" data-id=\"5cfe33b3\" data-element_type=\"widget\" data-widget_type=\"image.default\">\n\t\t\t\t<div class=\"elementor-widget-container\">\n\t\t\t\t\t\t\t\t\t\t\t\t\t\t\t<img fetchpriority=\"high\" decoding=\"async\" width=\"1300\" height=\"1300\" src=\"https:\/\/nventive.com\/app\/uploads\/nventive-wepoint.jpg\" class=\"attachment-full size-full wp-image-16413\" alt=\"nventive joins Wepoint, born from the partnership with the international group Onepoint\" srcset=\"https:\/\/nventive.com\/app\/uploads\/nventive-wepoint.jpg 1300w, https:\/\/nventive.com\/app\/uploads\/nventive-wepoint-300x300.jpg 300w, https:\/\/nventive.com\/app\/uploads\/nventive-wepoint-1024x1024.jpg 1024w, https:\/\/nventive.com\/app\/uploads\/nventive-wepoint-150x150.jpg 150w, https:\/\/nventive.com\/app\/uploads\/nventive-wepoint-768x768.jpg 768w\" sizes=\"(max-width: 1300px) 100vw, 1300px\" \/>\t\t\t\t\t\t\t\t\t\t\t\t\t\t\t<\/div>\n\t\t\t\t<\/div>\n\t\t\t\t<\/div>\n\t\t<div class=\"elementor-element elementor-element-6a550076 e-con-full e-flex e-con e-child\" data-id=\"6a550076\" data-element_type=\"container\">\n\t\t\t\t<div class=\"elementor-element elementor-element-3d170fa0 elementor-widget elementor-widget-text-editor\" data-id=\"3d170fa0\" data-element_type=\"widget\" data-widget_type=\"text-editor.default\">\n\t\t\t\t<div class=\"elementor-widget-container\">\n\t\t\t\t\t\t\t\t\t<p><span class=\"TextRun SCXW232992146 BCX0\" lang=\"EN-US\" xml:lang=\"EN-US\" data-contrast=\"auto\"><span class=\"NormalTextRun SCXW232992146 BCX0\">By joining the international <\/span><span class=\"NormalTextRun SpellingErrorV2Themed SCXW232992146 BCX0\">Onepoint<\/span><span class=\"NormalTextRun SCXW232992146 BCX0\"> group through its North American subsidiary, <\/span><span class=\"NormalTextRun SpellingErrorV2Themed SCXW232992146 BCX0\">Wepoint<\/span><span class=\"NormalTextRun SCXW232992146 BCX0\">, <\/span><span class=\"NormalTextRun SpellingErrorV2Themed SCXW232992146 BCX0\">nventive<\/span><span class=\"NormalTextRun SCXW232992146 BCX0\"> is taking part in a strategic initiative to unite the strengths of a collective of 600 experts with complementary skills. <\/span><\/span><\/p>\n<p><span class=\"TextRun SCXW232992146 BCX0\" lang=\"EN-US\" xml:lang=\"EN-US\" data-contrast=\"auto\"><span class=\"NormalTextRun SCXW232992146 BCX0\">Together, we share a common ambition: to become the North American leader in digital transformation and artificial intelligence.<\/span><\/span><span class=\"EOP SCXW232992146 BCX0\" data-ccp-props=\"{}\">\u00a0<\/span><\/p>\n\t\t\t\t\t\t\t\t<\/div>\n\t\t\t\t<\/div>\n\t\t\t\t<div class=\"elementor-element elementor-element-bd24783 gtm_our_history_cta our_history_cta elementor-widget elementor-widget-nv-button\" data-id=\"bd24783\" data-element_type=\"widget\" data-widget_type=\"nv-button.default\">\n\t\t\t\t<div class=\"elementor-widget-container\">\n\t\t\t\t\t\n                <a\n            class=\"nv-button gtm_our_history_cta our_history_cta nv-button--style--desktop--outline-icon nv-button--style--laptop--outline-icon nv-button--style--tablet--outline-icon nv-button--style--mobile--outline-icon nv-button--theme--desktop--dark nv-button--theme--laptop--dark nv-button--theme--tablet--dark nv-button--theme--mobile--dark\" target=\"_self\" rel=\"\" href=\"https:\/\/www.wepoint.com\/en\/\" aria-label=\"Discover Wepoint\"        >\n            <span class=\"nv-button__text\">Discover Wepoint<\/span>\n            <span class=\"nv-button__icon\">\n                <svg xmlns=\"http:\/\/www.w3.org\/2000\/svg\" width=\"25\" height=\"24\" viewBox=\"0 0 25 24\" fill=\"none\"><mask id=\"mask0_11783_98\" style=\"mask-type:alpha\" maskUnits=\"userSpaceOnUse\" x=\"0\" y=\"0\" width=\"25\" height=\"24\"><rect x=\"0.5\" width=\"24\" height=\"24\" fill=\"#D9D9D9\"><\/rect><\/mask><g mask=\"url(#mask0_11783_98)\"><path d=\"M14.5 18L13.1 16.55L16.65 13H4.5V11H16.65L13.1 7.45L14.5 6L20.5 12L14.5 18Z\" fill=\"#001E60\"><\/path><\/g><\/svg>            <\/span>\n        <\/a>\n            \t\t\t\t<\/div>\n\t\t\t\t<\/div>\n\t\t\t\t<\/div>\n\t\t\t\t\t<\/div>\n\t\t\t\t<\/div>\n\t\t\t\t<\/div>\n\t\t","protected":false},"excerpt":{"rendered":"<p>By joining the international Onepoint group through its North American subsidiary, Wepoint, nventive is taking part in a strategic initiative to unite the strengths of a collective of 600 experts with complementary skills. Together, we share a common ambition: to become the North American leader in digital transformation and artificial intelligence.\u00a0 Discover Wepoint<\/p>\n","protected":false},"author":3,"featured_media":16375,"parent":0,"menu_order":0,"comment_status":"closed","ping_status":"closed","template":"","meta":{"_acf_changed":false,"content-type":"","footnotes":""},"class_list":["post-5630","page","type-page","status-publish","has-post-thumbnail","hentry"],"acf":[],"yoast_head":"<!-- This site is optimized with the Yoast SEO plugin v25.2 - https:\/\/yoast.com\/wordpress\/plugins\/seo\/ -->\n<title>About nventive - Now Wepoint<\/title>\n<meta name=\"description\" content=\"nventive is joining Wepoint to strengthen digital transformation and AI expertise across North America.\" \/>\n<meta name=\"robots\" content=\"index, follow, max-snippet:-1, max-image-preview:large, max-video-preview:-1\" \/>\n<link rel=\"canonical\" href=\"https:\/\/nventive.com\/en\/about-us\/\" \/>\n<meta property=\"og:locale\" content=\"en_US\" \/>\n<meta property=\"og:type\" content=\"article\" \/>\n<meta property=\"og:title\" content=\"About nventive - Now Wepoint\" \/>\n<meta property=\"og:description\" content=\"nventive is joining Wepoint to strengthen digital transformation and AI expertise across North America.\" \/>\n<meta property=\"og:url\" content=\"https:\/\/nventive.com\/en\/about-us\/\" \/>\n<meta property=\"og:site_name\" content=\"nventive\" \/>\n<meta property=\"article:modified_time\" content=\"2025-10-01T17:40:40+00:00\" \/>\n<meta property=\"og:image\" content=\"https:\/\/nventive.com\/app\/uploads\/nventive-wepoint2.jpg\" \/>\n\t<meta property=\"og:image:width\" content=\"2560\" \/>\n\t<meta property=\"og:image:height\" content=\"1482\" \/>\n\t<meta property=\"og:image:type\" content=\"image\/jpeg\" \/>\n<meta name=\"twitter:card\" content=\"summary_large_image\" \/>\n<meta name=\"twitter:label1\" content=\"Est. reading time\" \/>\n\t<meta name=\"twitter:data1\" content=\"1 minute\" \/>\n<script type=\"application\/ld+json\" class=\"yoast-schema-graph\">{\"@context\":\"https:\/\/schema.org\",\"@graph\":[{\"@type\":\"WebPage\",\"@id\":\"https:\/\/nventive.com\/en\/about-us\/\",\"url\":\"https:\/\/nventive.com\/en\/about-us\/\",\"name\":\"About nventive - Now Wepoint\",\"isPartOf\":{\"@id\":\"https:\/\/nventive.com\/en\/#website\"},\"primaryImageOfPage\":{\"@id\":\"https:\/\/nventive.com\/en\/about-us\/#primaryimage\"},\"image\":{\"@id\":\"https:\/\/nventive.com\/en\/about-us\/#primaryimage\"},\"thumbnailUrl\":\"https:\/\/nventive.com\/app\/uploads\/nventive-wepoint2.jpg\",\"datePublished\":\"2024-08-07T17:32:13+00:00\",\"dateModified\":\"2025-10-01T17:40:40+00:00\",\"description\":\"nventive is joining Wepoint to strengthen digital transformation and AI expertise across North America.\",\"breadcrumb\":{\"@id\":\"https:\/\/nventive.com\/en\/about-us\/#breadcrumb\"},\"inLanguage\":\"en-US\",\"potentialAction\":[{\"@type\":\"ReadAction\",\"target\":[\"https:\/\/nventive.com\/en\/about-us\/\"]}]},{\"@type\":\"ImageObject\",\"inLanguage\":\"en-US\",\"@id\":\"https:\/\/nventive.com\/en\/about-us\/#primaryimage\",\"url\":\"https:\/\/nventive.com\/app\/uploads\/nventive-wepoint2.jpg\",\"contentUrl\":\"https:\/\/nventive.com\/app\/uploads\/nventive-wepoint2.jpg\",\"width\":2560,\"height\":1482,\"caption\":\"nventive joins Wepoint\"},{\"@type\":\"BreadcrumbList\",\"@id\":\"https:\/\/nventive.com\/en\/about-us\/#breadcrumb\",\"itemListElement\":[{\"@type\":\"ListItem\",\"position\":1,\"name\":\"Accueil\",\"item\":\"https:\/\/nventive.com\/en\/\"},{\"@type\":\"ListItem\",\"position\":2,\"name\":\"About Us\"}]},{\"@type\":\"WebSite\",\"@id\":\"https:\/\/nventive.com\/en\/#website\",\"url\":\"https:\/\/nventive.com\/en\/\",\"name\":\"nventive\",\"description\":\"D\u00e9veloppement mobile et logiciel \u00e0 Montr\u00e9al\",\"publisher\":{\"@id\":\"https:\/\/nventive.com\/en\/#organization\"},\"potentialAction\":[{\"@type\":\"SearchAction\",\"target\":{\"@type\":\"EntryPoint\",\"urlTemplate\":\"https:\/\/nventive.com\/en\/?s={search_term_string}\"},\"query-input\":{\"@type\":\"PropertyValueSpecification\",\"valueRequired\":true,\"valueName\":\"search_term_string\"}}],\"inLanguage\":\"en-US\"},{\"@type\":\"Organization\",\"@id\":\"https:\/\/nventive.com\/en\/#organization\",\"name\":\"nventive\",\"url\":\"https:\/\/nventive.com\/en\/\",\"logo\":{\"@type\":\"ImageObject\",\"inLanguage\":\"en-US\",\"@id\":\"https:\/\/nventive.com\/en\/#\/schema\/logo\/image\/\",\"url\":\"\",\"contentUrl\":\"\",\"caption\":\"nventive\"},\"image\":{\"@id\":\"https:\/\/nventive.com\/en\/#\/schema\/logo\/image\/\"},\"sameAs\":[\"https:\/\/www.linkedin.com\/company\/nventive\/\",\"https:\/\/www.instagram.com\/hellonventive\/\",\"https:\/\/www.youtube.com\/channel\/UCFQyvGEKMO10hEyvCqprp5w\"]}]}<\/script>\n<!-- \/ Yoast SEO plugin. -->","yoast_head_json":{"title":"About nventive - Now Wepoint","description":"nventive is joining Wepoint to strengthen digital transformation and AI expertise across North America.","robots":{"index":"index","follow":"follow","max-snippet":"max-snippet:-1","max-image-preview":"max-image-preview:large","max-video-preview":"max-video-preview:-1"},"canonical":"https:\/\/nventive.com\/en\/about-us\/","og_locale":"en_US","og_type":"article","og_title":"About nventive - Now Wepoint","og_description":"nventive is joining Wepoint to strengthen digital transformation and AI expertise across North America.","og_url":"https:\/\/nventive.com\/en\/about-us\/","og_site_name":"nventive","article_modified_time":"2025-10-01T17:40:40+00:00","og_image":[{"width":2560,"height":1482,"url":"https:\/\/nventive.com\/app\/uploads\/nventive-wepoint2.jpg","type":"image\/jpeg"}],"twitter_card":"summary_large_image","twitter_misc":{"Est. reading time":"1 minute"},"schema":{"@context":"https:\/\/schema.org","@graph":[{"@type":"WebPage","@id":"https:\/\/nventive.com\/en\/about-us\/","url":"https:\/\/nventive.com\/en\/about-us\/","name":"About nventive - Now Wepoint","isPartOf":{"@id":"https:\/\/nventive.com\/en\/#website"},"primaryImageOfPage":{"@id":"https:\/\/nventive.com\/en\/about-us\/#primaryimage"},"image":{"@id":"https:\/\/nventive.com\/en\/about-us\/#primaryimage"},"thumbnailUrl":"https:\/\/nventive.com\/app\/uploads\/nventive-wepoint2.jpg","datePublished":"2024-08-07T17:32:13+00:00","dateModified":"2025-10-01T17:40:40+00:00","description":"nventive is joining Wepoint to strengthen digital transformation and AI expertise across North America.","breadcrumb":{"@id":"https:\/\/nventive.com\/en\/about-us\/#breadcrumb"},"inLanguage":"en-US","potentialAction":[{"@type":"ReadAction","target":["https:\/\/nventive.com\/en\/about-us\/"]}]},{"@type":"ImageObject","inLanguage":"en-US","@id":"https:\/\/nventive.com\/en\/about-us\/#primaryimage","url":"https:\/\/nventive.com\/app\/uploads\/nventive-wepoint2.jpg","contentUrl":"https:\/\/nventive.com\/app\/uploads\/nventive-wepoint2.jpg","width":2560,"height":1482,"caption":"nventive joins Wepoint"},{"@type":"BreadcrumbList","@id":"https:\/\/nventive.com\/en\/about-us\/#breadcrumb","itemListElement":[{"@type":"ListItem","position":1,"name":"Accueil","item":"https:\/\/nventive.com\/en\/"},{"@type":"ListItem","position":2,"name":"About Us"}]},{"@type":"WebSite","@id":"https:\/\/nventive.com\/en\/#website","url":"https:\/\/nventive.com\/en\/","name":"nventive","description":"D\u00e9veloppement mobile et logiciel \u00e0 Montr\u00e9al","publisher":{"@id":"https:\/\/nventive.com\/en\/#organization"},"potentialAction":[{"@type":"SearchAction","target":{"@type":"EntryPoint","urlTemplate":"https:\/\/nventive.com\/en\/?s={search_term_string}"},"query-input":{"@type":"PropertyValueSpecification","valueRequired":true,"valueName":"search_term_string"}}],"inLanguage":"en-US"},{"@type":"Organization","@id":"https:\/\/nventive.com\/en\/#organization","name":"nventive","url":"https:\/\/nventive.com\/en\/","logo":{"@type":"ImageObject","inLanguage":"en-US","@id":"https:\/\/nventive.com\/en\/#\/schema\/logo\/image\/","url":"","contentUrl":"","caption":"nventive"},"image":{"@id":"https:\/\/nventive.com\/en\/#\/schema\/logo\/image\/"},"sameAs":["https:\/\/www.linkedin.com\/company\/nventive\/","https:\/\/www.instagram.com\/hellonventive\/","https:\/\/www.youtube.com\/channel\/UCFQyvGEKMO10hEyvCqprp5w"]}]}},"jetpack_sharing_enabled":true,"_links":{"self":[{"href":"https:\/\/nventive.com\/en\/wp-json\/wp\/v2\/pages\/5630","targetHints":{"allow":["GET"]}}],"collection":[{"href":"https:\/\/nventive.com\/en\/wp-json\/wp\/v2\/pages"}],"about":[{"href":"https:\/\/nventive.com\/en\/wp-json\/wp\/v2\/types\/page"}],"author":[{"embeddable":true,"href":"https:\/\/nventive.com\/en\/wp-json\/wp\/v2\/users\/3"}],"replies":[{"embeddable":true,"href":"https:\/\/nventive.com\/en\/wp-json\/wp\/v2\/comments?post=5630"}],"version-history":[{"count":14,"href":"https:\/\/nventive.com\/en\/wp-json\/wp\/v2\/pages\/5630\/revisions"}],"predecessor-version":[{"id":16420,"href":"https:\/\/nventive.com\/en\/wp-json\/wp\/v2\/pages\/5630\/revisions\/16420"}],"wp:featuredmedia":[{"embeddable":true,"href":"https:\/\/nventive.com\/en\/wp-json\/wp\/v2\/media\/16375"}],"wp:attachment":[{"href":"https:\/\/nventive.com\/en\/wp-json\/wp\/v2\/media?parent=5630"}],"curies":[{"name":"wp","href":"https:\/\/api.w.org\/{rel}","templated":true}]}}